{"id":7,"date":"2024-06-05T21:42:48","date_gmt":"2024-06-05T19:42:48","guid":{"rendered":"https:\/\/quentin-homeconception.fr\/?page_id=7"},"modified":"2024-06-25T23:56:20","modified_gmt":"2024-06-25T21:56:20","slug":"home","status":"publish","type":"page","link":"https:\/\/quentin-homeconception.fr\/","title":{"rendered":"Home Conception"},"content":{"rendered":"\n<div class=\"wp-block-cover alignfull is-light has-neve-text-color-color has-text-color has-link-color wp-elements-0f5e09d93d6aada251010559237a1f1d wp-duotone-unset-1\" style=\"min-height:100vh;aspect-ratio:unset;\"><span aria-hidden=\"true\" class=\"wp-block-cover__background has-nv-dark-bg-background-color has-background-dim\"><\/span><img loading=\"lazy\" decoding=\"async\" width=\"1413\" height=\"1382\" class=\"wp-block-cover__image-background wp-image-30\" alt=\"\" src=\"http:\/\/quentin-homeconception.fr\/wp-content\/uploads\/2024\/06\/Maison-1-e1718619863931.png\" data-object-fit=\"cover\" srcset=\"https:\/\/quentin-homeconception.fr\/wp-content\/uploads\/2024\/06\/Maison-1-e1718619863931.png 1413w, https:\/\/quentin-homeconception.fr\/wp-content\/uploads\/2024\/06\/Maison-1-e1718619863931-300x293.png 300w, https:\/\/quentin-homeconception.fr\/wp-content\/uploads\/2024\/06\/Maison-1-e1718619863931-1024x1002.png 1024w, https:\/\/quentin-homeconception.fr\/wp-content\/uploads\/2024\/06\/Maison-1-e1718619863931-768x751.png 768w\" sizes=\"auto, (max-width: 1413px) 100vw, 1413px\" \/><div class=\"wp-block-cover__inner-container is-layout-flow wp-block-cover-is-layout-flow\">\n<div style=\"height:80px\" aria-hidden=\"true\" class=\"wp-block-spacer\"><\/div>\n\n\n\n<h3 class=\"wp-block-heading has-text-align-center has-text-color\" style=\"color:#121212\">Ma\u00eetre d\u2019\u0153uvre en Vend\u00e9e<\/h3>\n\n\n\n<h1 class=\"wp-block-heading has-text-align-center has-text-color\" style=\"color:#121212\">HOME CONCEPTION<\/h1>\n\n\n\n<h4 class=\"wp-block-heading has-text-align-center has-text-color\" style=\"color:#121212\">R\u00e9alisation de plans pour vos permis de construire et vos d\u00e9clarations pr\u00e9alables de travaux<\/h4>\n\n\n\n<h4 class=\"wp-block-heading has-text-align-center has-text-color\" style=\"color:#121212\">Accompagnement et suivi de votre projet<\/h4>\n\n\n\n<div class=\"wp-block-buttons is-content-justification-center is-layout-flex wp-container-core-buttons-is-layout-16018d1d wp-block-buttons-is-layout-flex\">\n<div class=\"wp-block-button is-style-default\"><a class=\"wp-block-button__link has-neve-text-color-background-color has-background wp-element-button\" href=\"https:\/\/quentin-homeconception.fr\/index.php\/contact\/\">CONTACT<\/a><\/div>\n<\/div>\n\n\n\n<div style=\"height:80px\" aria-hidden=\"true\" class=\"wp-block-spacer\"><\/div>\n\n\n\n<div style=\"height:80px\" aria-hidden=\"true\" class=\"wp-block-spacer\"><\/div>\n\n\n\n<p><\/p>\n<\/div><\/div>\n\n\n\n<div style=\"height:80px\" aria-hidden=\"true\" class=\"wp-block-spacer\"><\/div>\n\n\n\n<div class=\"wp-block-cover alignfull is-light\" style=\"min-height:600px;aspect-ratio:unset;\"><span aria-hidden=\"true\" class=\"wp-block-cover__background has-nv-light-bg-background-color has-background-dim-100 has-background-dim\"><\/span><div class=\"wp-block-cover__inner-container is-layout-flow wp-block-cover-is-layout-flow\">\n<div class=\"wp-block-group\"><div class=\"wp-block-group__inner-container is-layout-flow wp-block-group-is-layout-flow\">\n<div style=\"height:80px\" aria-hidden=\"true\" class=\"wp-block-spacer\"><\/div>\n\n\n\n<div class=\"wp-block-columns are-vertically-aligned-center is-layout-flex wp-container-core-columns-is-layout-9d6595d7 wp-block-columns-is-layout-flex\">\n<div class=\"wp-block-column is-vertically-aligned-center is-layout-flow wp-block-column-is-layout-flow\" style=\"flex-basis:50%\"><div class=\"wp-block-image\">\n<figure class=\"aligncenter size-large is-resized\"><img loading=\"lazy\" decoding=\"async\" width=\"1024\" height=\"683\" src=\"http:\/\/quentin-homeconception.fr\/wp-content\/uploads\/2024\/06\/IMG_1481-edited-1024x683.webp\" alt=\"\" class=\"wp-image-158\" style=\"object-fit:cover;width:400px;height:400px\" srcset=\"https:\/\/quentin-homeconception.fr\/wp-content\/uploads\/2024\/06\/IMG_1481-edited-1024x683.webp 1024w, https:\/\/quentin-homeconception.fr\/wp-content\/uploads\/2024\/06\/IMG_1481-edited-300x200.webp 300w, https:\/\/quentin-homeconception.fr\/wp-content\/uploads\/2024\/06\/IMG_1481-edited-768x512.webp 768w, https:\/\/quentin-homeconception.fr\/wp-content\/uploads\/2024\/06\/IMG_1481-edited-930x620.webp 930w, https:\/\/quentin-homeconception.fr\/wp-content\/uploads\/2024\/06\/IMG_1481-edited.webp 1260w\" sizes=\"auto, (max-width: 1024px) 100vw, 1024px\" \/><\/figure>\n<\/div><\/div>\n\n\n\n<div class=\"wp-block-column is-vertically-aligned-center is-layout-flow wp-block-column-is-layout-flow\" style=\"flex-basis:50%\">\n<div style=\"height:20px\" aria-hidden=\"true\" class=\"wp-block-spacer\"><\/div>\n\n\n\n<h2 class=\"wp-block-heading has-text-align-left has-neve-text-color-color has-text-color\">Home Conception, qui est-ce?<\/h2>\n\n\n\n<p class=\"has-text-align-left has-neve-text-color-color has-text-color\" style=\"font-size:17px\">Home Conception est une entreprise de maitrise d\u2019\u0153uvre situ\u00e9e en Vend\u00e9e. Jordan QUENTIN, ma\u00eetre d\u2019\u0153uvre et g\u00e9rant de la soci\u00e9t\u00e9 vous accompagne dans chacun de vos projets : plans de votre habitation principale ou secondaire, piscine, extension, pergola \u2026, d\u00e9p\u00f4t de votre dossier et suivi de votre projet.<\/p>\n\n\n\n<div class=\"wp-block-buttons is-content-justification-left is-layout-flex wp-container-core-buttons-is-layout-fdcfc74e wp-block-buttons-is-layout-flex\">\n<div class=\"wp-block-button is-style-primary\"><a class=\"wp-block-button__link wp-element-button\" href=\"https:\/\/quentin-homeconception.fr\/index.php\/qui-suis-je\/\">EN SAVOIR +<\/a><\/div>\n<\/div>\n<\/div>\n<\/div>\n\n\n\n<div style=\"height:40px\" aria-hidden=\"true\" class=\"wp-block-spacer\"><\/div>\n<\/div><\/div>\n<\/div><\/div>\n\n\n\n<div class=\"wp-block-cover alignfull is-light\" style=\"min-height:600px;aspect-ratio:unset;\"><span aria-hidden=\"true\" class=\"wp-block-cover__background has-nv-site-bg-background-color has-background-dim-100 has-background-dim\"><\/span><div class=\"wp-block-cover__inner-container is-layout-flow wp-block-cover-is-layout-flow\">\n<div class=\"wp-block-group\"><div class=\"wp-block-group__inner-container is-layout-flow wp-block-group-is-layout-flow\">\n<div style=\"height:80px\" aria-hidden=\"true\" class=\"wp-block-spacer\"><\/div>\n\n\n\n<div class=\"wp-block-columns are-vertically-aligned-center is-layout-flex wp-container-core-columns-is-layout-9d6595d7 wp-block-columns-is-layout-flex\">\n<div class=\"wp-block-column is-vertically-aligned-center is-layout-flow wp-block-column-is-layout-flow\" style=\"flex-basis:50%\">\n<h2 class=\"wp-block-heading has-text-align-left has-neve-text-color-color has-text-color\">Les prestations<\/h2>\n\n\n\n<p class=\"has-text-align-left has-neve-text-color-color has-text-color\" style=\"font-size:17px\">Home Conception propose un accompagnement personnalis\u00e9  : <\/p>\n\n\n\n<ul class=\"wp-block-list\">\n<li>R\u00e9alisation des plans et du permis de construire de votre r\u00e9sidence principale, secondaire ou locatif<\/li>\n\n\n\n<li>R\u00e9alisation des plans et de la d\u00e9claration pr\u00e9alable de travaux de votre piscine, extension, pergola, veranda, mur de cl\u00f4ture, etc. <\/li>\n\n\n\n<li>Pilotage de votre projet, de la r\u00e9alisation de vos plans jusqu\u2019\u00e0 la r\u00e9ception du chantier<\/li>\n<\/ul>\n\n\n\n<div class=\"wp-block-buttons is-content-justification-left is-layout-flex wp-container-core-buttons-is-layout-fdcfc74e wp-block-buttons-is-layout-flex\">\n<div class=\"wp-block-button is-style-primary\"><a class=\"wp-block-button__link wp-element-button\" href=\"https:\/\/quentin-homeconception.fr\/index.php\/mes-prestations\/\">EN SAVOIR +<\/a><\/div>\n<\/div>\n\n\n\n<div style=\"height:40px\" aria-hidden=\"true\" class=\"wp-block-spacer\"><\/div>\n<\/div>\n\n\n\n<div class=\"wp-block-column is-vertically-aligned-center is-layout-flow wp-block-column-is-layout-flow\" style=\"flex-basis:50%\"><div class=\"wp-block-image\">\n<figure class=\"aligncenter size-large is-resized\"><img loading=\"lazy\" decoding=\"async\" width=\"1024\" height=\"1022\" src=\"http:\/\/quentin-homeconception.fr\/wp-content\/uploads\/2024\/06\/Idees-pour-le-site-@-e1719319318148-1024x1022.png\" alt=\"\" class=\"wp-image-184\" style=\"object-fit:cover;width:400px;height:400px\" srcset=\"https:\/\/quentin-homeconception.fr\/wp-content\/uploads\/2024\/06\/Idees-pour-le-site-@-e1719319318148-1024x1022.png 1024w, https:\/\/quentin-homeconception.fr\/wp-content\/uploads\/2024\/06\/Idees-pour-le-site-@-e1719319318148-300x300.png 300w, https:\/\/quentin-homeconception.fr\/wp-content\/uploads\/2024\/06\/Idees-pour-le-site-@-e1719319318148-150x150.png 150w, https:\/\/quentin-homeconception.fr\/wp-content\/uploads\/2024\/06\/Idees-pour-le-site-@-e1719319318148-768x766.png 768w, https:\/\/quentin-homeconception.fr\/wp-content\/uploads\/2024\/06\/Idees-pour-le-site-@-e1719319318148.png 1413w\" sizes=\"auto, (max-width: 1024px) 100vw, 1024px\" \/><\/figure>\n<\/div><\/div>\n<\/div>\n\n\n\n<div style=\"height:40px\" aria-hidden=\"true\" class=\"wp-block-spacer\"><\/div>\n<\/div><\/div>\n\n\n\n<h2 class=\"wp-block-heading\">Pourquoi choisir Home Conception ?<\/h2>\n<\/div><\/div>\n\n\n\n<div class=\"wp-block-columns is-layout-flex wp-container-core-columns-is-layout-9d6595d7 wp-block-columns-is-layout-flex\">\n<div class=\"wp-block-column is-layout-flow wp-block-column-is-layout-flow\"><div class=\"wp-block-image is-resized icon-style is-style-default\">\n<figure class=\"aligncenter size-full\"><img loading=\"lazy\" decoding=\"async\" width=\"500\" height=\"500\" src=\"http:\/\/quentin-homeconception.fr\/wp-content\/uploads\/2024\/06\/Facebook-2-2.png\" alt=\"\" class=\"wp-image-266\" style=\"width:240px\" srcset=\"https:\/\/quentin-homeconception.fr\/wp-content\/uploads\/2024\/06\/Facebook-2-2.png 500w, https:\/\/quentin-homeconception.fr\/wp-content\/uploads\/2024\/06\/Facebook-2-2-300x300.png 300w, https:\/\/quentin-homeconception.fr\/wp-content\/uploads\/2024\/06\/Facebook-2-2-150x150.png 150w\" sizes=\"auto, (max-width: 500px) 100vw, 500px\" \/><\/figure>\n<\/div>\n\n\n<div style=\"height:0px\" aria-hidden=\"true\" class=\"wp-block-spacer\"><\/div>\n\n\n\n<h3 class=\"wp-block-heading has-text-align-center has-neve-text-color-color has-text-color\">L\u2019\u00e9change est la cl\u00e9.<\/h3>\n\n\n\n<p class=\"has-text-align-center\">L\u2019\u00e9change et les conseils sont au c\u0153ur de cette entreprise \u00e0 taille humaine.<\/p>\n\n\n\n<div style=\"height:20px\" aria-hidden=\"true\" class=\"wp-block-spacer\"><\/div>\n<\/div>\n\n\n\n<div class=\"wp-block-column is-layout-flow wp-block-column-is-layout-flow\"><div class=\"wp-block-image is-resized icon-style is-style-default\">\n<figure class=\"aligncenter size-full\"><img loading=\"lazy\" decoding=\"async\" width=\"500\" height=\"500\" src=\"http:\/\/quentin-homeconception.fr\/wp-content\/uploads\/2024\/06\/Facebook-3-2.png\" alt=\"\" class=\"wp-image-265\" style=\"width:240px\" srcset=\"https:\/\/quentin-homeconception.fr\/wp-content\/uploads\/2024\/06\/Facebook-3-2.png 500w, https:\/\/quentin-homeconception.fr\/wp-content\/uploads\/2024\/06\/Facebook-3-2-300x300.png 300w, https:\/\/quentin-homeconception.fr\/wp-content\/uploads\/2024\/06\/Facebook-3-2-150x150.png 150w\" sizes=\"auto, (max-width: 500px) 100vw, 500px\" \/><\/figure>\n<\/div>\n\n\n<div style=\"height:0px\" aria-hidden=\"true\" class=\"wp-block-spacer\"><\/div>\n\n\n\n<h3 class=\"wp-block-heading has-text-align-center has-neve-text-color-color has-text-color\">Chaque projet est unique !<\/h3>\n\n\n\n<p class=\"has-text-align-center\">Petit ou grand, chaque projet est trait\u00e9 de fa\u00e7on personnalis\u00e9e.<\/p>\n\n\n\n<div style=\"height:20px\" aria-hidden=\"true\" class=\"wp-block-spacer\"><\/div>\n<\/div>\n\n\n\n<div class=\"wp-block-column is-layout-flow wp-block-column-is-layout-flow\"><div class=\"wp-block-image is-resized icon-style is-style-rounded\">\n<figure class=\"aligncenter size-full\"><img loading=\"lazy\" decoding=\"async\" width=\"500\" height=\"500\" src=\"http:\/\/quentin-homeconception.fr\/wp-content\/uploads\/2024\/06\/Facebook-3-1.png\" alt=\"\" class=\"wp-image-264\" style=\"width:240px\" srcset=\"https:\/\/quentin-homeconception.fr\/wp-content\/uploads\/2024\/06\/Facebook-3-1.png 500w, https:\/\/quentin-homeconception.fr\/wp-content\/uploads\/2024\/06\/Facebook-3-1-300x300.png 300w, https:\/\/quentin-homeconception.fr\/wp-content\/uploads\/2024\/06\/Facebook-3-1-150x150.png 150w\" sizes=\"auto, (max-width: 500px) 100vw, 500px\" \/><\/figure>\n<\/div>\n\n\n<div style=\"height:0px\" aria-hidden=\"true\" class=\"wp-block-spacer\"><\/div>\n\n\n\n<h3 class=\"wp-block-heading has-text-align-center has-neve-text-color-color has-text-color\">Les d\u00e9lais sont respect\u00e9s.<\/h3>\n\n\n\n<p class=\"has-text-align-center\">Un contrat sign\u00e9 atteste des d\u00e9lais respect\u00e9s.<\/p>\n\n\n\n<div style=\"height:20px\" aria-hidden=\"true\" class=\"wp-block-spacer\"><\/div>\n<\/div>\n<\/div>\n\n\n\n<div style=\"height:80px\" aria-hidden=\"true\" class=\"wp-block-spacer\"><\/div>\n\n\n\n<div style=\"height:40px\" aria-hidden=\"true\" class=\"wp-block-spacer\"><\/div>\n\n\n\n<div class=\"wp-block-cover alignfull is-light\" style=\"min-height:300px;aspect-ratio:unset;\"><span aria-hidden=\"true\" class=\"wp-block-cover__background has-nv-dark-bg-background-color has-background-dim-100 has-background-dim\"><\/span><div class=\"wp-block-cover__inner-container is-layout-flow wp-block-cover-is-layout-flow\">\n<div style=\"height:15px\" aria-hidden=\"true\" class=\"wp-block-spacer\"><\/div>\n\n\n<div class=\"wp-block-image is-style-rounded\">\n<figure class=\"aligncenter size-large is-resized\"><img loading=\"lazy\" decoding=\"async\" width=\"1024\" height=\"769\" src=\"http:\/\/quentin-homeconception.fr\/wp-content\/uploads\/2024\/06\/P1250316-OK-1-1024x769.jpg\" alt=\"\" class=\"wp-image-94\" style=\"aspect-ratio:1;object-fit:cover;width:133px;height:auto\" srcset=\"https:\/\/quentin-homeconception.fr\/wp-content\/uploads\/2024\/06\/P1250316-OK-1-1024x769.jpg 1024w, https:\/\/quentin-homeconception.fr\/wp-content\/uploads\/2024\/06\/P1250316-OK-1-300x225.jpg 300w, https:\/\/quentin-homeconception.fr\/wp-content\/uploads\/2024\/06\/P1250316-OK-1-768x577.jpg 768w, https:\/\/quentin-homeconception.fr\/wp-content\/uploads\/2024\/06\/P1250316-OK-1-1536x1153.jpg 1536w, https:\/\/quentin-homeconception.fr\/wp-content\/uploads\/2024\/06\/P1250316-OK-1-2048x1538.jpg 2048w\" sizes=\"auto, (max-width: 1024px) 100vw, 1024px\" \/><\/figure>\n<\/div>\n\n\n<p class=\"has-text-align-center has-medium-font-size\">Jordan QUENTIN<\/p>\n\n\n\n<p class=\"has-text-align-center\">Ma\u00eetre d\u2019oeuvre<\/p>\n\n\n\n<p class=\"has-text-align-center\">06 74 22 65 13 &#8211; contact@quentin-homeconception.fr<\/p>\n\n\n\n<div class=\"wp-block-buttons is-content-justification-center is-layout-flex wp-container-core-buttons-is-layout-16018d1d wp-block-buttons-is-layout-flex\">\n<div class=\"wp-block-button is-style-primary\"><a class=\"wp-block-button__link wp-element-button\" href=\"https:\/\/quentin-homeconception.fr\/index.php\/contact\/\">CONTACT<\/a><\/div>\n<\/div>\n\n\n\n<div style=\"height:140px\" aria-hidden=\"true\" class=\"wp-block-spacer\"><\/div>\n<\/div><\/div>\n","protected":false},"excerpt":{"rendered":"<p>L\u2019\u00e9change est la cl\u00e9. L\u2019\u00e9change et les conseils sont au c\u0153ur de cette entreprise \u00e0 taille humaine. Chaque projet est unique ! Petit ou grand, chaque projet est trait\u00e9 de fa\u00e7on personnalis\u00e9e. Les d\u00e9lais sont respect\u00e9s. Un contrat sign\u00e9 atteste des d\u00e9lais respect\u00e9s.<\/p>\n","protected":false},"author":1,"featured_media":0,"parent":0,"menu_order":17,"comment_status":"closed","ping_status":"closed","template":"","meta":{"neve_meta_sidebar":"","neve_meta_container":"","neve_meta_enable_content_width":"on","neve_meta_content_width":100,"neve_meta_title_alignment":"","neve_meta_author_avatar":"","neve_post_elements_order":"","neve_meta_disable_header":"","neve_meta_disable_footer":"","neve_meta_disable_title":"on","footnotes":""},"class_list":["post-7","page","type-page","status-publish","hentry"],"_links":{"self":[{"href":"https:\/\/quentin-homeconception.fr\/index.php\/wp-json\/wp\/v2\/pages\/7","targetHints":{"allow":["GET"]}}],"collection":[{"href":"https:\/\/quentin-homeconception.fr\/index.php\/wp-json\/wp\/v2\/pages"}],"about":[{"href":"https:\/\/quentin-homeconception.fr\/index.php\/wp-json\/wp\/v2\/types\/page"}],"author":[{"embeddable":true,"href":"https:\/\/quentin-homeconception.fr\/index.php\/wp-json\/wp\/v2\/users\/1"}],"replies":[{"embeddable":true,"href":"https:\/\/quentin-homeconception.fr\/index.php\/wp-json\/wp\/v2\/comments?post=7"}],"version-history":[{"count":26,"href":"https:\/\/quentin-homeconception.fr\/index.php\/wp-json\/wp\/v2\/pages\/7\/revisions"}],"predecessor-version":[{"id":268,"href":"https:\/\/quentin-homeconception.fr\/index.php\/wp-json\/wp\/v2\/pages\/7\/revisions\/268"}],"wp:attachment":[{"href":"https:\/\/quentin-homeconception.fr\/index.php\/wp-json\/wp\/v2\/media?parent=7"}],"curies":[{"name":"wp","href":"https:\/\/api.w.org\/{rel}","templated":true}]}}